{"id":807,"date":"2023-03-07T16:23:30","date_gmt":"2023-03-07T15:23:30","guid":{"rendered":"http:\/\/www.fflogistics.se\/home-page\/"},"modified":"2023-12-11T11:07:29","modified_gmt":"2023-12-11T10:07:29","slug":"home-page","status":"publish","type":"page","link":"https:\/\/www.fastforwardlogistics.se\/en\/","title":{"rendered":"Home page"},"content":{"rendered":"<div id=\"pl-807\"  class=\"panel-layout\" ><div id=\"pg-807-0\"  class=\"panel-grid panel-has-style\" ><div class=\"siteorigin-panels-stretch panel-row-style panel-row-style-for-807-0\" data-stretch-type=\"full-stretched\" ><div id=\"pgc-807-0-0\"  class=\"panel-grid-cell\" ><div id=\"panel-807-0-0-0\" class=\"so-panel widget_sow-hero panel-first-child panel-last-child\" data-index=\"0\" ><div\n\t\t\t\n\t\t\tclass=\"so-widget-sow-hero so-widget-sow-hero-default-63faa9a3de25-807 so-widget-fittext-wrapper\"\n\t\t\t data-fit-text-compressor=\"1.05\"\n\t\t>\t\t\t\t<div class=\"sow-slider-base\" style=\"display: none\" tabindex=\"0\">\n\t\t\t\t\t<ul\n\t\t\t\t\tclass=\"sow-slider-images\"\n\t\t\t\t\tdata-settings=\"{&quot;pagination&quot;:true,&quot;speed&quot;:800,&quot;timeout&quot;:8000,&quot;paused&quot;:false,&quot;pause_on_hover&quot;:false,&quot;swipe&quot;:true,&quot;nav_always_show_desktop&quot;:&quot;&quot;,&quot;nav_always_show_mobile&quot;:&quot;&quot;,&quot;breakpoint&quot;:&quot;780px&quot;,&quot;unmute&quot;:false,&quot;anchor&quot;:null}\"\n\t\t\t\t\tstyle=\"min-height: 100vh\"\t\t\t\t\tdata-anchor-id=\"\"\n\t\t\t\t>\t\t<li class=\"sow-slider-image  sow-slider-image-cover\" style=\"visibility: visible;;background-color: #000000\" >\n\t\t\t\t\t<div class=\"sow-slider-image-container\">\n\t\t\t<div class=\"sow-slider-image-wrapper\">\n\t\t\t\t<div class=\"animate-69dcf2a6ee6bd006300767 so-premium-animation-hide\" data-so-animation=\"{&quot;animation&quot;:&quot;fadeInUp&quot;,&quot;selector&quot;:&quot;.animate-69dcf2a6ee6bd006300767&quot;,&quot;duration&quot;:1.600000000000000088817841970012523233890533447265625,&quot;hide&quot;:1,&quot;delay&quot;:0,&quot;event&quot;:&quot;slide_display&quot;,&quot;offset&quot;:0}\"><h1 style=\"text-align: center;font-size: 46px\">Sustainable Freight Solutions with Fast Forward<\/h1>\n<h2 style=\"text-align: center;font-size: 24px;font-weight: 300\">Your Trusted Partner in the Global Logistics World!<\/h2>\n<div class=\"sow-hero-buttons\" style=\"text-align: center\"><div\n\t\t\t\n\t\t\tclass=\"so-widget-sow-button so-widget-sow-button-wire-989338ba8868\"\n\t\t\t\n\t\t><div class=\"ow-button-base ow-button-align-center\"\n>\n\t\t\t<a href=\"https:\/\/www.fastforwardlogistics.se\/tjanster\/\" class=\"sowb-button ow-icon-placement-right ow-button-hover\">\n\t\t<span>\n\t\t\t<span class=\"sow-icon-fontawesome sow-far\" data-sow-icon=\"&#xf080;\"\n\t\tstyle=\"\" \n\t\taria-hidden=\"true\"><\/span>\n\t\t\tOur Services\t\t<\/span>\n\t\t\t<\/a>\n\t<\/div>\n<\/div><div\n\t\t\t\n\t\t\tclass=\"so-widget-sow-button so-widget-sow-button-wire-989338ba8868\"\n\t\t\t\n\t\t><div class=\"ow-button-base ow-button-align-center\"\n>\n\t\t\t<a href=\"https:\/\/cissuite.cargoit.se\/fastforward\/portal\/login\" class=\"sowb-button ow-icon-placement-right ow-button-hover\" target=\"_blank\" rel=\"noopener noreferrer\">\n\t\t<span>\n\t\t\t<span class=\"sow-icon-fontawesome sow-far\" data-sow-icon=\"&#xf14d;\"\n\t\tstyle=\"\" \n\t\taria-hidden=\"true\"><\/span>\n\t\t\tCustomer portal\t\t<\/span>\n\t\t\t<\/a>\n\t<\/div>\n<\/div><\/div><\/div>\t\t\t<\/div>\n\t\t<\/div>\n\t\t<div class=\"sow-slider-image-overlay sow-slider-image-cover\" style=\"opacity: 0.75;background-image: url(https:\/\/www.fastforwardlogistics.se\/wp-content\/uploads\/2023\/11\/fast-forward-start.webp)\"  ><\/div>\t\t<\/li>\n\t\t<\/ul>\t\t\t\t<ol class=\"sow-slider-pagination\">\n\t\t\t\t\t\t\t\t\t\t\t<li><a href=\"#\" data-goto=\"0\" aria-label=\"Display slide 1\"><\/a><\/li>\n\t\t\t\t\t\t\t\t\t<\/ol>\n\n\t\t\t\t<div class=\"sow-slide-nav sow-slide-nav-next\">\n\t\t\t\t\t<a href=\"#\" data-goto=\"next\" aria-label=\"Next slide\" data-action=\"next\">\n\t\t\t\t\t\t<em class=\"sow-sld-icon-thin-right\"><\/em>\n\t\t\t\t\t<\/a>\n\t\t\t\t<\/div>\n\n\t\t\t\t<div class=\"sow-slide-nav sow-slide-nav-prev\">\n\t\t\t\t\t<a href=\"#\" data-goto=\"previous\" aria-label=\"Previous slide\" data-action=\"prev\">\n\t\t\t\t\t\t<em class=\"sow-sld-icon-thin-left\"><\/em>\n\t\t\t\t\t<\/a>\n\t\t\t\t<\/div>\n\t\t\t\t<\/div><\/div><\/div><\/div><\/div><\/div><div id=\"pg-807-1\"  class=\"panel-grid panel-has-style\" ><div class=\"siteorigin-panels-stretch panel-row-style panel-row-style-for-807-1\" data-stretch-type=\"full\" ><div id=\"pgc-807-1-0\"  class=\"panel-grid-cell panel-grid-cell-empty\" ><\/div><div id=\"pgc-807-1-1\"  class=\"panel-grid-cell panel-grid-cell-mobile-last\" ><div id=\"panel-807-1-1-0\" class=\"so-panel widget_sow-editor panel-first-child\" data-index=\"1\" ><div class=\"animate-69dcf2a6ee7c9252999033 panels-animation-hide panels-animation-hide-disable-mobile panel-widget-style panel-widget-style-for-807-1-1-0\" data-so-animation=\"{&quot;selector&quot;:&quot;.animate-69dcf2a6ee7c9252999033&quot;,&quot;animation&quot;:&quot;fadeIn&quot;,&quot;breakpoint&quot;:&quot;900px&quot;,&quot;duration&quot;:1,&quot;repeat&quot;:0,&quot;hide&quot;:1,&quot;disableAnimationMobile&quot;:1,&quot;finalState&quot;:&quot;visible&quot;,&quot;delay&quot;:0,&quot;debounce&quot;:0,&quot;event&quot;:&quot;enter&quot;,&quot;offset&quot;:0}\" ><div\n\t\t\t\n\t\t\tclass=\"so-widget-sow-editor so-widget-sow-editor-base\"\n\t\t\t\n\t\t>\n<div class=\"siteorigin-widget-tinymce textwidget\">\n\t<h2>Facilitates the customer's logistics and Handling sustainable freight solutions worldwide.<\/h2>\n<p>We pride ourselves on being a customer-centric company, and our expertise lies in handling sustainable freight solutions worldwide, with a particular passion for the Far East. With our strong focus on logistics and our core values - Innovation, Commitment, Responsibility and Customer Centric Logistics - our main goal is always to deliver high quality service and create smooth and memorable transport experiences for our customers.<\/p>\n<\/div>\n<\/div><\/div><\/div><div id=\"panel-807-1-1-1\" class=\"so-panel widget_sow-button panel-last-child\" data-index=\"2\" ><div class=\"animate-69dcf2a6eecb3000237456 panels-animation-hide panels-animation-hide-disable-mobile panel-widget-style panel-widget-style-for-807-1-1-1\" data-so-animation=\"{&quot;selector&quot;:&quot;.animate-69dcf2a6eecb3000237456&quot;,&quot;animation&quot;:&quot;fadeIn&quot;,&quot;breakpoint&quot;:&quot;900px&quot;,&quot;duration&quot;:1,&quot;repeat&quot;:0,&quot;hide&quot;:1,&quot;disableAnimationMobile&quot;:1,&quot;finalState&quot;:&quot;visible&quot;,&quot;delay&quot;:0.05000000000000000277555756156289135105907917022705078125,&quot;debounce&quot;:0,&quot;event&quot;:&quot;enter&quot;,&quot;offset&quot;:0}\" ><div\n\t\t\t\n\t\t\tclass=\"so-widget-sow-button so-widget-sow-button-flat-1027893d9a65-807\"\n\t\t\t\n\t\t><div class=\"ow-button-base ow-button-align-left\"\n>\n\t\t\t<a href=\"https:\/\/www.fastforwardlogistics.se\/om-oss\/\" class=\"sowb-button ow-icon-placement-right ow-button-hover\">\n\t\t<span>\n\t\t\t<span class=\"sow-icon-ionicons\" data-sow-icon=\"&#xf30f;\"\n\t\tstyle=\"\" \n\t\taria-hidden=\"true\"><\/span>\n\t\t\tAbout us\t\t<\/span>\n\t\t\t<\/a>\n\t<\/div>\n<\/div><\/div><\/div><\/div><div id=\"pgc-807-1-2\"  class=\"panel-grid-cell panel-grid-cell-empty\" ><\/div><\/div><\/div><div id=\"pg-807-2\"  class=\"panel-grid panel-has-style\" ><div class=\"siteorigin-panels-stretch panel-row-style panel-row-style-for-807-2\" data-stretch-type=\"full-stretched\" ><div id=\"pgc-807-2-0\"  class=\"panel-grid-cell\" ><div class=\"panel-cell-style panel-cell-style-for-807-2-0\" ><div id=\"panel-807-2-0-0\" class=\"so-panel widget_sow-editor panel-first-child\" data-index=\"3\" ><div class=\"animate-69dcf2a6ef3ef207107948 panels-animation-hide panels-animation-hide-disable-mobile panel-widget-style panel-widget-style-for-807-2-0-0\" data-so-animation=\"{&quot;selector&quot;:&quot;.animate-69dcf2a6ef3ef207107948&quot;,&quot;animation&quot;:&quot;fadeIn&quot;,&quot;breakpoint&quot;:&quot;900px&quot;,&quot;duration&quot;:1,&quot;repeat&quot;:0,&quot;hide&quot;:1,&quot;disableAnimationMobile&quot;:1,&quot;finalState&quot;:&quot;visible&quot;,&quot;delay&quot;:0,&quot;debounce&quot;:0,&quot;event&quot;:&quot;enter&quot;,&quot;offset&quot;:0}\" ><div\n\t\t\t\n\t\t\tclass=\"so-widget-sow-editor so-widget-sow-editor-base\"\n\t\t\t\n\t\t>\n<div class=\"siteorigin-widget-tinymce textwidget\">\n\t<h2>Overview of your shipments in one place<\/h2>\n<p>With our platform, you get an overview of all your shipments Track your delivery times, review quotes and create order lists with ease. With us, you can tailor your customer profile so that it fits your needs and wishes. In addition, you can easily place a booking directly in the system, and our booking department takes care of the rest. Discover smoother and more efficient handling of your transports with us.<\/p>\n<\/div>\n<\/div><\/div><\/div><div id=\"panel-807-2-0-1\" class=\"so-panel widget_sow-editor panel-last-child\" data-index=\"4\" ><div class=\"animate-69dcf2a6ef550217194592 panels-animation-hide panel-widget-style panel-widget-style-for-807-2-0-1\" data-so-animation=\"{&quot;selector&quot;:&quot;.animate-69dcf2a6ef550217194592&quot;,&quot;animation&quot;:&quot;fadeIn&quot;,&quot;breakpoint&quot;:&quot;900px&quot;,&quot;duration&quot;:1,&quot;repeat&quot;:0,&quot;hide&quot;:1,&quot;disableAnimationMobile&quot;:0,&quot;finalState&quot;:&quot;visible&quot;,&quot;delay&quot;:0,&quot;debounce&quot;:0.1000000000000000055511151231257827021181583404541015625,&quot;event&quot;:&quot;enter&quot;,&quot;offset&quot;:0}\" ><div\n\t\t\t\n\t\t\tclass=\"so-widget-sow-editor so-widget-sow-editor-base\"\n\t\t\t\n\t\t>\n<div class=\"siteorigin-widget-tinymce textwidget\">\n\t<h3><i>Innovating Tomorrow, Delivering Today<\/i><\/h3>\n<\/div>\n<\/div><\/div><\/div><\/div><\/div><div id=\"pgc-807-2-1\"  class=\"panel-grid-cell\" ><div class=\"panel-cell-style panel-cell-style-for-807-2-1\" ><div id=\"panel-807-2-1-0\" class=\"so-panel widget_sow-editor panel-first-child panel-last-child\" data-index=\"5\" ><div\n\t\t\t\n\t\t\tclass=\"so-widget-sow-editor so-widget-sow-editor-base\"\n\t\t\t\n\t\t>\n<div class=\"siteorigin-widget-tinymce textwidget\">\n\t<p>&nbsp;<\/p>\n<p>&nbsp;<\/p>\n<p>&nbsp;<\/p>\n<p>&nbsp;<\/p>\n<p>&nbsp;<\/p>\n<p>&nbsp;<\/p>\n<p>&nbsp;<\/p>\n<\/div>\n<\/div><\/div><\/div><\/div><\/div><\/div><div id=\"pg-807-3\"  class=\"panel-grid panel-has-style\" ><div class=\"siteorigin-panels-stretch panel-row-style panel-row-style-for-807-3\" data-stretch-type=\"full-stretched\" ><div id=\"pgc-807-3-0\"  class=\"panel-grid-cell\" ><div class=\"panel-cell-style panel-cell-style-for-807-3-0\" ><div id=\"panel-807-3-0-0\" class=\"so-panel widget_sow-icon panel-first-child\" data-index=\"6\" ><div\n\t\t\t\n\t\t\tclass=\"so-widget-sow-icon so-widget-sow-icon-default-1bbafedf85e7-807\"\n\t\t\t\n\t\t>\n<div class=\"sow-icon-container sow-icon\">\n\t\t\t<span class=\"sow-icon-ionicons\" data-sow-icon=\"&#xf36a;\"\n\t\t \n\t\taria-hidden=\"true\"><\/span>\t<\/div>\n<\/div><\/div><div id=\"panel-807-3-0-1\" class=\"so-panel widget_sow-editor panel-last-child\" data-index=\"7\" ><div class=\"animate-69dcf2a6efba1233515272 panels-animation-hide panels-animation-hide-disable-mobile panel-widget-style panel-widget-style-for-807-3-0-1\" data-so-animation=\"{&quot;selector&quot;:&quot;.animate-69dcf2a6efba1233515272&quot;,&quot;animation&quot;:&quot;fadeIn&quot;,&quot;breakpoint&quot;:&quot;900px&quot;,&quot;duration&quot;:1,&quot;repeat&quot;:0,&quot;hide&quot;:1,&quot;disableAnimationMobile&quot;:1,&quot;finalState&quot;:&quot;visible&quot;,&quot;delay&quot;:0,&quot;debounce&quot;:0,&quot;event&quot;:&quot;enter&quot;,&quot;offset&quot;:0}\" ><div\n\t\t\t\n\t\t\tclass=\"so-widget-sow-editor so-widget-sow-editor-base\"\n\t\t\t\n\t\t>\n<div class=\"siteorigin-widget-tinymce textwidget\">\n\t<h3 style=\"text-align: center;\">Sea freight (FCL\/LCL)<\/h3>\n<\/div>\n<\/div><\/div><\/div><a href=\"\/tjanster\/sjofrakt\/\" aria-label=\"Tj\u00e4nst sj\u00f6fart\" class=\"so-premium-link-overlay\">&nbsp;<\/a><\/div><\/div><div id=\"pgc-807-3-1\"  class=\"panel-grid-cell\" ><div class=\"panel-cell-style panel-cell-style-for-807-3-1\" ><div id=\"panel-807-3-1-0\" class=\"so-panel widget_sow-icon panel-first-child\" data-index=\"8\" ><div\n\t\t\t\n\t\t\tclass=\"so-widget-sow-icon so-widget-sow-icon-default-1bbafedf85e7-807\"\n\t\t\t\n\t\t>\n<div class=\"sow-icon-container sow-icon\">\n\t\t\t<span class=\"sow-icon-fontawesome sow-fas\" data-sow-icon=\"&#xe22d;\"\n\t\t \n\t\taria-hidden=\"true\"><\/span>\t<\/div>\n<\/div><\/div><div id=\"panel-807-3-1-1\" class=\"so-panel widget_sow-editor panel-last-child\" data-index=\"9\" ><div class=\"animate-69dcf2a6efd57432358457 panels-animation-hide panels-animation-hide-disable-mobile panel-widget-style panel-widget-style-for-807-3-1-1\" data-so-animation=\"{&quot;selector&quot;:&quot;.animate-69dcf2a6efd57432358457&quot;,&quot;animation&quot;:&quot;fadeIn&quot;,&quot;breakpoint&quot;:&quot;900px&quot;,&quot;duration&quot;:1,&quot;repeat&quot;:0,&quot;hide&quot;:1,&quot;disableAnimationMobile&quot;:1,&quot;finalState&quot;:&quot;visible&quot;,&quot;delay&quot;:0,&quot;debounce&quot;:0,&quot;event&quot;:&quot;enter&quot;,&quot;offset&quot;:0}\" ><div\n\t\t\t\n\t\t\tclass=\"so-widget-sow-editor so-widget-sow-editor-base\"\n\t\t\t\n\t\t>\n<div class=\"siteorigin-widget-tinymce textwidget\">\n\t<h3 style=\"text-align: center;\">Air freight<\/h3>\n<\/div>\n<\/div><\/div><\/div><a href=\"\/tjanster\/flygfrakt\/\" aria-label=\"Tj\u00e4nst Flygfrakt\" class=\"so-premium-link-overlay\">&nbsp;<\/a><\/div><\/div><div id=\"pgc-807-3-2\"  class=\"panel-grid-cell\" ><div class=\"panel-cell-style panel-cell-style-for-807-3-2\" ><div id=\"panel-807-3-2-0\" class=\"so-panel widget_sow-icon panel-first-child\" data-index=\"10\" ><div\n\t\t\t\n\t\t\tclass=\"so-widget-sow-icon so-widget-sow-icon-default-ffe10b5b3f1e-807\"\n\t\t\t\n\t\t>\n<div class=\"sow-icon-container sow-icon\">\n\t\t\t<span class=\"sow-icon-fontawesome sow-fas\" data-sow-icon=\"&#xf0d1;\"\n\t\t \n\t\taria-hidden=\"true\"><\/span>\t<\/div>\n<\/div><\/div><div id=\"panel-807-3-2-1\" class=\"so-panel widget_sow-editor panel-last-child\" data-index=\"11\" ><div class=\"animate-69dcf2a6efeca841887895 panels-animation-hide panels-animation-hide-disable-mobile panel-widget-style panel-widget-style-for-807-3-2-1\" data-so-animation=\"{&quot;selector&quot;:&quot;.animate-69dcf2a6efeca841887895&quot;,&quot;animation&quot;:&quot;fadeIn&quot;,&quot;breakpoint&quot;:&quot;900px&quot;,&quot;duration&quot;:1,&quot;repeat&quot;:0,&quot;hide&quot;:1,&quot;disableAnimationMobile&quot;:1,&quot;finalState&quot;:&quot;visible&quot;,&quot;delay&quot;:0,&quot;debounce&quot;:0,&quot;event&quot;:&quot;enter&quot;,&quot;offset&quot;:0}\" ><div\n\t\t\t\n\t\t\tclass=\"so-widget-sow-editor so-widget-sow-editor-base\"\n\t\t\t\n\t\t>\n<div class=\"siteorigin-widget-tinymce textwidget\">\n\t<h3 style=\"text-align: center;\">Road transport<\/h3>\n<\/div>\n<\/div><\/div><\/div><a href=\"\/tjanster\/vagtransport\/\" aria-label=\"Tj\u00e4nst V\u00e4gtransport\" class=\"so-premium-link-overlay\">&nbsp;<\/a><\/div><\/div><\/div><\/div><div id=\"pg-807-4\"  class=\"panel-grid panel-has-style\" ><div class=\"siteorigin-panels-stretch panel-row-style panel-row-style-for-807-4\" data-stretch-type=\"full-stretched\" ><div id=\"pgc-807-4-0\"  class=\"panel-grid-cell\" ><div class=\"panel-cell-style panel-cell-style-for-807-4-0\" ><div id=\"panel-807-4-0-0\" class=\"so-panel widget_sow-icon panel-first-child\" data-index=\"12\" ><div\n\t\t\t\n\t\t\tclass=\"so-widget-sow-icon so-widget-sow-icon-default-ffe10b5b3f1e-807\"\n\t\t\t\n\t\t>\n<div class=\"sow-icon-container sow-icon\">\n\t\t\t<span class=\"sow-icon-fontawesome sow-fas\" data-sow-icon=\"&#xf557;\"\n\t\t \n\t\taria-hidden=\"true\"><\/span>\t<\/div>\n<\/div><\/div><div id=\"panel-807-4-0-1\" class=\"so-panel widget_sow-editor panel-last-child\" data-index=\"13\" ><div class=\"animate-69dcf2a6f003b143777136 panels-animation-hide panels-animation-hide-disable-mobile panel-widget-style panel-widget-style-for-807-4-0-1\" data-so-animation=\"{&quot;selector&quot;:&quot;.animate-69dcf2a6f003b143777136&quot;,&quot;animation&quot;:&quot;fadeIn&quot;,&quot;breakpoint&quot;:&quot;900px&quot;,&quot;duration&quot;:1,&quot;repeat&quot;:0,&quot;hide&quot;:1,&quot;disableAnimationMobile&quot;:1,&quot;finalState&quot;:&quot;visible&quot;,&quot;delay&quot;:0,&quot;debounce&quot;:0,&quot;event&quot;:&quot;enter&quot;,&quot;offset&quot;:0}\" ><div\n\t\t\t\n\t\t\tclass=\"so-widget-sow-editor so-widget-sow-editor-base\"\n\t\t\t\n\t\t>\n<div class=\"siteorigin-widget-tinymce textwidget\">\n\t<h3 style=\"text-align: center;\">Customs handling<\/h3>\n<\/div>\n<\/div><\/div><\/div><a href=\"\/tjanster\/tullhantering\/\" aria-label=\"Tj\u00e4nst tullhantering\" class=\"so-premium-link-overlay\">&nbsp;<\/a><\/div><\/div><div id=\"pgc-807-4-1\"  class=\"panel-grid-cell\" ><div class=\"panel-cell-style panel-cell-style-for-807-4-1\" ><div id=\"panel-807-4-1-0\" class=\"so-panel widget_sow-icon panel-first-child\" data-index=\"14\" ><div\n\t\t\t\n\t\t\tclass=\"so-widget-sow-icon so-widget-sow-icon-default-1bbafedf85e7-807\"\n\t\t\t\n\t\t>\n<div class=\"sow-icon-container sow-icon\">\n\t\t\t<span class=\"sow-icon-fontawesome sow-fas\" data-sow-icon=\"&#xf494;\"\n\t\t \n\t\taria-hidden=\"true\"><\/span>\t<\/div>\n<\/div><\/div><div id=\"panel-807-4-1-1\" class=\"so-panel widget_sow-editor panel-last-child\" data-index=\"15\" ><div class=\"animate-69dcf2a6f0189362041518 panels-animation-hide panels-animation-hide-disable-mobile panel-widget-style panel-widget-style-for-807-4-1-1\" data-so-animation=\"{&quot;selector&quot;:&quot;.animate-69dcf2a6f0189362041518&quot;,&quot;animation&quot;:&quot;fadeIn&quot;,&quot;breakpoint&quot;:&quot;900px&quot;,&quot;duration&quot;:1,&quot;repeat&quot;:0,&quot;hide&quot;:1,&quot;disableAnimationMobile&quot;:1,&quot;finalState&quot;:&quot;visible&quot;,&quot;delay&quot;:0,&quot;debounce&quot;:0,&quot;event&quot;:&quot;enter&quot;,&quot;offset&quot;:0}\" ><div\n\t\t\t\n\t\t\tclass=\"so-widget-sow-editor so-widget-sow-editor-base\"\n\t\t\t\n\t\t>\n<div class=\"siteorigin-widget-tinymce textwidget\">\n\t<h3 style=\"text-align: center;\">Storage<\/h3>\n<\/div>\n<\/div><\/div><\/div><a href=\"\/tjanster\/lagerhallning\/\" aria-label=\"Tj\u00e4nst lagerh\u00e5llning\" class=\"so-premium-link-overlay\">&nbsp;<\/a><\/div><\/div><div id=\"pgc-807-4-2\"  class=\"panel-grid-cell\" ><div class=\"panel-cell-style panel-cell-style-for-807-4-2\" ><div id=\"panel-807-4-2-0\" class=\"so-panel widget_sow-editor panel-first-child\" data-index=\"16\" ><div class=\"animate-69dcf2a6f0283592821993 panels-animation-hide panels-animation-hide-disable-mobile panel-widget-style panel-widget-style-for-807-4-2-0\" data-so-animation=\"{&quot;selector&quot;:&quot;.animate-69dcf2a6f0283592821993&quot;,&quot;animation&quot;:&quot;fadeIn&quot;,&quot;breakpoint&quot;:&quot;900px&quot;,&quot;duration&quot;:1,&quot;repeat&quot;:0,&quot;hide&quot;:1,&quot;disableAnimationMobile&quot;:1,&quot;finalState&quot;:&quot;visible&quot;,&quot;delay&quot;:0,&quot;debounce&quot;:0,&quot;event&quot;:&quot;enter&quot;,&quot;offset&quot;:0}\" ><div\n\t\t\t\n\t\t\tclass=\"so-widget-sow-editor so-widget-sow-editor-base\"\n\t\t\t\n\t\t>\n<div class=\"siteorigin-widget-tinymce textwidget\">\n\t<h3 style=\"text-align: center;\">Read more about our services<\/h3>\n<\/div>\n<\/div><\/div><\/div><div id=\"panel-807-4-2-1\" class=\"so-panel widget_sow-button panel-last-child\" data-index=\"17\" ><div\n\t\t\t\n\t\t\tclass=\"so-widget-sow-button so-widget-sow-button-flat-8edd4e1089fb-807\"\n\t\t\t\n\t\t><div class=\"ow-button-base ow-button-align-center\"\n>\n\t\t\t<a href=\"https:\/\/www.fastforwardlogistics.se\/tjanster\/\" class=\"sowb-button ow-icon-placement-right ow-button-hover\">\n\t\t<span>\n\t\t\t<span class=\"sow-icon-ionicons\" data-sow-icon=\"&#xf30f;\"\n\t\tstyle=\"\" \n\t\taria-hidden=\"true\"><\/span>\n\t\t\tOur Services\t\t<\/span>\n\t\t\t<\/a>\n\t<\/div>\n<\/div><\/div><\/div><\/div><\/div><\/div><div id=\"pg-807-5\"  class=\"panel-grid panel-has-style\" ><div class=\"siteorigin-panels-stretch panel-row-style panel-row-style-for-807-5\" data-stretch-type=\"full\" ><div id=\"pgc-807-5-0\"  class=\"panel-grid-cell panel-grid-cell-empty\" ><\/div><div id=\"pgc-807-5-1\"  class=\"panel-grid-cell panel-grid-cell-mobile-last\" ><div id=\"panel-807-5-1-0\" class=\"so-panel widget_sow-editor panel-first-child panel-last-child\" data-index=\"18\" ><div class=\"animate-69dcf2a6f05e8513398956 panels-animation-hide panels-animation-hide-disable-mobile panel-widget-style panel-widget-style-for-807-5-1-0\" data-so-animation=\"{&quot;selector&quot;:&quot;.animate-69dcf2a6f05e8513398956&quot;,&quot;animation&quot;:&quot;fadeIn&quot;,&quot;breakpoint&quot;:&quot;900px&quot;,&quot;duration&quot;:1,&quot;repeat&quot;:0,&quot;hide&quot;:1,&quot;disableAnimationMobile&quot;:1,&quot;finalState&quot;:&quot;visible&quot;,&quot;delay&quot;:0,&quot;debounce&quot;:0,&quot;event&quot;:&quot;enter&quot;,&quot;offset&quot;:0}\" ><div\n\t\t\t\n\t\t\tclass=\"so-widget-sow-editor so-widget-sow-editor-base\"\n\t\t\t\n\t\t>\n<div class=\"siteorigin-widget-tinymce textwidget\">\n\t<h2>Why Fast Forward Logistics?<\/h2>\n<p>Our experienced and competent team is ready to meet your transport needs, regardless of whether you are an established company that needs to optimize your logistics solutions or are a dreamer who wants to start your own business and is looking for guidance in the transport sector. We have a deep understanding of forwarding and are here to make the transport process as simple and efficient as possible.<\/p>\n<p>We strive to be more than just a forwarder; we want to be your reliable partner who helps you achieve your goals and dreams. Whether it's sending products across national borders or optimizing your logistics chain, you can rely on Fast Forward to deliver reliable and tailored solutions.<\/p>\n<h3>Innovation<\/h3>\n<p>Our endeavor is to develop and implement working methods to make life easier for our customers. We invest in the latest technology and efficient processes.<\/p>\n<h3>Commitment<\/h3>\n<p>Every customer is valuable to us, and we are passionate about meeting the customer's specific transportation needs. Our commitment to quality and customer satisfaction defines our organization and is at the heart of our corporate culture.<\/p>\n<h3>Responsibility and sustainability<\/h3>\n<p>Vi tar ansvar f\u00f6r v\u00e5ra handlingar och deras p\u00e5verkan p\u00e5 samh\u00e4llet och milj\u00f6n. We strive for sustainable solutions and ethical business principles<\/p>\n<h3>Customer-centric logistics<\/h3>\n<p>We always put our customers first. With a drive to understand each customer's needs and expectations.<\/p>\n<\/div>\n<\/div><\/div><\/div><\/div><div id=\"pgc-807-5-2\"  class=\"panel-grid-cell panel-grid-cell-empty\" ><\/div><\/div><\/div><\/div>","protected":false},"excerpt":{"rendered":"<p>Facilitates the customer&#8217;s logistics and Handling sustainable freight solutions worldwide. We pride ourselves on being a customer-centric company, and our expertise lies in handling sustainable freight solutions worldwide, with a particular passion for the Far East. With our strong focus on logistics and our core values &#8211; Innovation, Commitment, Responsibility and Customer Centric Logistics &#8211; &#8230; <a title=\"Home page\" class=\"read-more\" href=\"https:\/\/www.fastforwardlogistics.se\/en\/\" aria-label=\"Read more about Home page\">L\u00e4s mer<\/a><\/p>\n","protected":false},"author":1,"featured_media":0,"parent":0,"menu_order":0,"comment_status":"closed","ping_status":"closed","template":"","meta":{"inline_featured_image":false,"footnotes":""},"class_list":["post-807","page","type-page","status-publish"],"_links":{"self":[{"href":"https:\/\/www.fastforwardlogistics.se\/en\/wp-json\/wp\/v2\/pages\/807","targetHints":{"allow":["GET"]}}],"collection":[{"href":"https:\/\/www.fastforwardlogistics.se\/en\/wp-json\/wp\/v2\/pages"}],"about":[{"href":"https:\/\/www.fastforwardlogistics.se\/en\/wp-json\/wp\/v2\/types\/page"}],"author":[{"embeddable":true,"href":"https:\/\/www.fastforwardlogistics.se\/en\/wp-json\/wp\/v2\/users\/1"}],"replies":[{"embeddable":true,"href":"https:\/\/www.fastforwardlogistics.se\/en\/wp-json\/wp\/v2\/comments?post=807"}],"version-history":[{"count":5,"href":"https:\/\/www.fastforwardlogistics.se\/en\/wp-json\/wp\/v2\/pages\/807\/revisions"}],"predecessor-version":[{"id":937,"href":"https:\/\/www.fastforwardlogistics.se\/en\/wp-json\/wp\/v2\/pages\/807\/revisions\/937"}],"wp:attachment":[{"href":"https:\/\/www.fastforwardlogistics.se\/en\/wp-json\/wp\/v2\/media?parent=807"}],"curies":[{"name":"wp","href":"https:\/\/api.w.org\/{rel}","templated":true}]}}